{"id":2,"date":"2023-12-14T09:55:29","date_gmt":"2023-12-14T09:55:29","guid":{"rendered":"http:\/\/serkangeduk.com\/?page_id=2"},"modified":"2024-01-17T13:31:54","modified_gmt":"2024-01-17T13:31:54","slug":"anasayfa2","status":"publish","type":"page","link":"https:\/\/serkangeduk.com\/index.php\/anasayfa2\/","title":{"rendered":"Anasayfa2"},"content":{"rendered":"\t\t<div data-elementor-type=\"wp-page\" data-elementor-id=\"2\" class=\"elementor elementor-2\">\n\t\t\t\t<div class=\"elementor-element elementor-element-0bd02ff e-flex e-con-boxed e-con e-parent\" data-id=\"0bd02ff\" data-element_type=\"container\" data-e-type=\"container\">\n\t\t\t\t\t<div class=\"e-con-inner\">\n\t\t\t\t<div class=\"elementor-element elementor-element-1dba78a elementor-widget elementor-widget-image\" data-id=\"1dba78a\" data-element_type=\"widget\" data-e-type=\"widget\" data-widget_type=\"image.default\">\n\t\t\t\t<div class=\"elementor-widget-container\">\n\t\t\t\t\t\t\t\t\t\t\t\t\t\t\t<img fetchpriority=\"high\" decoding=\"async\" width=\"790\" height=\"527\" src=\"https:\/\/serkangeduk.com\/wp-content\/uploads\/2024\/01\/Serkan-Geduk-Ali-Aytac-Comak-2-1024x683.jpg\" class=\"attachment-large size-large wp-image-139\" alt=\"\" srcset=\"https:\/\/serkangeduk.com\/wp-content\/uploads\/2024\/01\/Serkan-Geduk-Ali-Aytac-Comak-2-1024x683.jpg 1024w, https:\/\/serkangeduk.com\/wp-content\/uploads\/2024\/01\/Serkan-Geduk-Ali-Aytac-Comak-2-300x200.jpg 300w, https:\/\/serkangeduk.com\/wp-content\/uploads\/2024\/01\/Serkan-Geduk-Ali-Aytac-Comak-2-768x512.jpg 768w, https:\/\/serkangeduk.com\/wp-content\/uploads\/2024\/01\/Serkan-Geduk-Ali-Aytac-Comak-2-1536x1024.jpg 1536w, https:\/\/serkangeduk.com\/wp-content\/uploads\/2024\/01\/Serkan-Geduk-Ali-Aytac-Comak-2-2048x1365.jpg 2048w, https:\/\/serkangeduk.com\/wp-content\/uploads\/2024\/01\/Serkan-Geduk-Ali-Aytac-Comak-2-90x60.jpg 90w, https:\/\/serkangeduk.com\/wp-content\/uploads\/2024\/01\/Serkan-Geduk-Ali-Aytac-Comak-2-374x249.jpg 374w\" sizes=\"(max-width: 790px) 100vw, 790px\" \/>\t\t\t\t\t\t\t\t\t\t\t\t\t\t\t<\/div>\n\t\t\t\t<\/div>\n\t\t\t\t\t<\/div>\n\t\t\t\t<\/div>\n\t\t<div class=\"elementor-element elementor-element-585507d7 e-flex e-con-boxed e-con e-parent\" data-id=\"585507d7\" data-element_type=\"container\" data-e-type=\"container\">\n\t\t\t\t\t<div class=\"e-con-inner\">\n\t\t\t\t<div class=\"elementor-element elementor-element-3f3eb5c7 elementor-widget elementor-widget-text-editor\" data-id=\"3f3eb5c7\" data-element_type=\"widget\" data-e-type=\"widget\" data-widget_type=\"text-editor.default\">\n\t\t\t\t<div class=\"elementor-widget-container\">\n\t\t\t\t\t\t\t\t\t\n<p>Serkan GED\u00dcK<\/p>\n\n<blockquote class=\"wp-block-quote is-layout-flow wp-block-quote-is-layout-flow\">\n<p>Yapt\u0131\u011f\u0131m\u0131z i\u015f bir yap-bozun eksik par\u00e7alar\u0131n\u0131 bulmak gibidir.<\/p>\n<\/blockquote>\n\n<p>\u00a0<\/p>\n\t\t\t\t\t\t\t\t<\/div>\n\t\t\t\t<\/div>\n\t\t\t\t\t<\/div>\n\t\t\t\t<\/div>\n\t\t\t\t<\/div>\n\t\t","protected":false},"excerpt":{"rendered":"<p>Serkan GED\u00dcK Yapt\u0131\u011f\u0131m\u0131z i\u015f bir yap-bozun eksik par\u00e7alar\u0131n\u0131 bulmak gibidir. \u00a0<\/p>\n","protected":false},"author":1,"featured_media":0,"parent":0,"menu_order":0,"comment_status":"closed","ping_status":"open","template":"","meta":{"footnotes":""},"class_list":["post-2","page","type-page","status-publish","hentry","latest_post"],"_links":{"self":[{"href":"https:\/\/serkangeduk.com\/index.php\/wp-json\/wp\/v2\/pages\/2","targetHints":{"allow":["GET"]}}],"collection":[{"href":"https:\/\/serkangeduk.com\/index.php\/wp-json\/wp\/v2\/pages"}],"about":[{"href":"https:\/\/serkangeduk.com\/index.php\/wp-json\/wp\/v2\/types\/page"}],"author":[{"embeddable":true,"href":"https:\/\/serkangeduk.com\/index.php\/wp-json\/wp\/v2\/users\/1"}],"replies":[{"embeddable":true,"href":"https:\/\/serkangeduk.com\/index.php\/wp-json\/wp\/v2\/comments?post=2"}],"version-history":[{"count":14,"href":"https:\/\/serkangeduk.com\/index.php\/wp-json\/wp\/v2\/pages\/2\/revisions"}],"predecessor-version":[{"id":402,"href":"https:\/\/serkangeduk.com\/index.php\/wp-json\/wp\/v2\/pages\/2\/revisions\/402"}],"wp:attachment":[{"href":"https:\/\/serkangeduk.com\/index.php\/wp-json\/wp\/v2\/media?parent=2"}],"curies":[{"name":"wp","href":"https:\/\/api.w.org\/{rel}","templated":true}]}}