{"id":28,"date":"2023-12-20T10:28:48","date_gmt":"2023-12-20T10:28:48","guid":{"rendered":"http:\/\/serkangeduk.com\/?page_id=28"},"modified":"2024-01-16T08:27:13","modified_gmt":"2024-01-16T08:27:13","slug":"hakkimda","status":"publish","type":"page","link":"https:\/\/serkangeduk.com\/index.php\/hakkimda\/","title":{"rendered":"Hakk\u0131mda"},"content":{"rendered":"\t\t<div data-elementor-type=\"wp-page\" data-elementor-id=\"28\" class=\"elementor elementor-28\">\n\t\t\t\t<div class=\"elementor-element elementor-element-62a04b6e e-flex e-con-boxed e-con e-parent\" data-id=\"62a04b6e\" data-element_type=\"container\" data-e-type=\"container\">\n\t\t\t\t\t<div class=\"e-con-inner\">\n\t\t\t\t<div class=\"elementor-element elementor-element-612598be elementor-widget elementor-widget-text-editor\" data-id=\"612598be\" data-element_type=\"widget\" data-e-type=\"widget\" data-widget_type=\"text-editor.default\">\n\t\t\t\t<div class=\"elementor-widget-container\">\n\t\t\t\t\t\t\t\t\t\n<p><strong>Serkan GED\u00dcK<\/strong><\/p>\n\n<p>Kocaeli M\u00fczeler M\u00fcd\u00fcr\u00fc<\/p>\n\n<p>Kocaeli Museums Director<\/p>\n\n<p>\u0130stanbul \u00dcniversitesi, Edebiyat Fak\u00fcltesi, Ta\u015f\u0131nabilir K\u00fclt\u00fcr Varl\u0131klar\u0131n\u0131 Koruma ve Onar\u0131m B\u00f6l\u00fcm\u00fc ve \u0130stanbul \u00dcniversitesi, Edebiyat Fak\u00fcltesi, Sanat Tarihi Anabilim Dal\u0131 lisans programlar\u0131ndan mezun oldu. Y\u00fcksek lisans e\u011fitimini Mimar Sinan G\u00fczel Sanatlar \u00dcniversitesi Sosyal Bilimler Enstit\u00fcs\u00fc Seramik ve Cam Tasar\u0131m\u0131 Anasanat Dal\u0131nda tamamlad\u0131. \u0130kinci y\u00fcksek lisans\u0131n\u0131 Akdeniz \u00dcniversitesi Akdeniz Uygarl\u0131klar\u0131n\u0131 Ara\u015ft\u0131rma Enstit\u00fcs\u00fc, Akdeniz Sualt\u0131 K\u00fclt\u00fcrel Miras\u0131 Ara\u015ft\u0131rmalar\u0131 Anabilim dal\u0131nda tamamlad\u0131.<\/p>\n\n<p>2005 y\u0131l\u0131nda K\u00fclt\u00fcr ve Turizm Bakanl\u0131\u011f\u0131, \u0130stanbul Restorasyon ve Konservasyon Merkez Laboratuvar\u0131nda Restorat\u00f6r olarak \u00e7al\u0131\u015ft\u0131. 2006-2019 y\u0131llar\u0131 aras\u0131nda Topkap\u0131 Saray\u0131 M\u00fczesinde Uzakdo\u011fu Porselenleri B\u00f6l\u00fcm\u00fc ve Saatler B\u00f6l\u00fcm\u00fc k\u00fcrat\u00f6r\u00fc olarak g\u00f6rev yapt\u0131. 2019 y\u0131l\u0131nda Kocaeli M\u00fczeler M\u00fcd\u00fcr\u00fc olarak atand\u0131. Halen m\u00fcze m\u00fcd\u00fcr\u00fc olarak g\u00f6rev yapmaktad\u0131r. Ayn\u0131 zamanda Milletleraras\u0131 <em>Blue Shield Turkiye Kurucu \u00fcyesi<\/em><em><strong>, <\/strong><\/em>M\u00fczeler Konseyi (ICOM) T\u00fcrkiye Milli Komitesi \u00fcyesi ve K\u00fclt\u00fcrel Miras\u0131 Koruma ve Ara\u015ft\u0131rma Derne\u011fi Kurucusu \u00fcyesi ve ba\u015fkan\u0131d\u0131r. Mimar Sinan G\u00fczel Sanatlar \u00dcniversitesi ve Kocaeli \u00dcniversitesinde yar\u0131 zamanl\u0131 \u00f6\u011fretim \u00fcyesi olarak ders vermektedir.<\/p>\n\n<p>Urartu (Tu\u015fba)\/Van, Enez (Ainos)\/Edirne, Samsun (Amisos), Kocaeli v.d.\u00a0 bir\u00e7ok arkeolojik kaz\u0131 ve su alt\u0131 arkeoloji ara\u015ft\u0131rmalar\u0131nda K\u00fclt\u00fcr ve Turizm Bakanl\u0131\u011f\u0131 Temsilcisi ve kaz\u0131 \u00fcyesi olarak g\u00f6rev yapt\u0131. Ulusal ve Uluslararas\u0131 bir\u00e7ok konferans ve \u00e7al\u0131\u015ftaya kat\u0131ld\u0131. Yurti\u00e7i ve yurtd\u0131\u015f\u0131nda yap\u0131lan bir\u00e7ok sergi projesinde g\u00f6rev ald\u0131. Porselen-seramik sanat\u0131 ve tarihi, seramik-porselen eserlerin restorasyonu \u2013konservasyonu, su alt\u0131 arkeolojisi, m\u00fcze te\u015fhir-tanzimi ve m\u00fczelerde risk y\u00f6netimi konular\u0131nda \u00e7al\u0131\u015fmalar\u0131 bulunmaktad\u0131r. Ayn\u0131 zamanda uzmanl\u0131k konular\u0131yla ilgili yay\u0131nlanm\u0131\u015f bir\u00e7ok makale ve kitap b\u00f6l\u00fcmleri yer almaktad\u0131r.\u00a0<\/p>\n\n<p>_______________________________________________________________________________<\/p>\n\n<p>He graduated from Istanbul University, Faculty of Literature, Department of Restorat\u0131on and Conservat\u0131on of Cultural Propert\u0131es and Istanbul University, Faculty of Literature, Department of Art History. He completed his master&#8217;s degree in Mimar Sinan Fine Arts University, Institute of Social Sciences, Ceramics and Glass Design Department. He still continues his academic studies in Akdeniz University Mediterranean Civilizations Research Institute, Mediterranean Underwater Cultural Heritage Research Department.<\/p>\n\n<p>In 2005, he worked as a Restorator at the Istanbul Restoration and Conservation Central Laboratory of the Ministry of Culture and Tourism. Between 2006-2019, he worked as the manager and curator of the Far Eastern Porcelains Department and the Watches Department at the Topkap\u0131 Palace Museum. Kocaeli in 2019 was appointed as Director of the Museum. He is still working as the museum director. At the same time the International Council of Museums (ICOM) Turkey National Committee and member of the Cultural Heritage Protection and Research Association is a founding member and President of coumadin.<\/p>\n\n<p>Urartu (Tusba) \/ Van, Enez (Ainos) \/ Edirne, Samsun (Amisos), Kocaeli etc. He served as the Representative of the Ministry of Culture and Tourism and as a member of excavations in many archaeological excavations and underwater archeology researches. He participated in many national and international conferences and workshops. At the same time, he took part in many exhibition projects held in Turkey and abroad. He has works on porcelain-ceramic art and history, restoration-conservation of ceramic-porcelain artifacts, underwater archeology, museum exhibition-arrangement and risk management in museums. At the same time, there are many articles and book chapters published on specialization topics.<\/p>\n\n<p><strong>\u0130LET\u0130\u015e\u0130M B\u0130LG\u0130LER\u0130:<\/strong><\/p>\n\n<p><strong>Mail:<\/strong> <a href=\"mailto:serkan.geduk@ktb.gov.tr\">serkan.geduk@ktb.gov.tr<\/a><\/p>\n\n<p><strong>Adres:<\/strong> <strong>T.C. K\u00dcLT\u00dcR VE TUR\u0130ZM BAKANLI\u011eI<\/strong><\/p>\n\n<p>\u00a0\u00a0\u00a0\u00a0\u00a0\u00a0\u00a0\u00a0\u00a0\u00a0\u00a0\u00a0 K\u00fclt\u00fcr Varl\u0131klar\u0131 ve\u00a0 M\u00fczeler Genel M\u00fcd\u00fcrl\u00fc\u011f\u00fc\/Kocaeli M\u00fczeler M\u00fcd\u00fcrl\u00fc\u011f\u00fc<\/p>\n\n<p>\u00a0 \u00a0 \u00a0 \u00a0 \u00a0 \u00a0 \u00a0Kozluk Mahallesi \u0130stasyon Caddesi No: 5 Eski Gar Alan\u0131, \u0130zmit\/KOCAEL\u0130.<\/p>\n\t\t\t\t\t\t\t\t<\/div>\n\t\t\t\t<\/div>\n\t\t\t\t\t<\/div>\n\t\t\t\t<\/div>\n\t\t\t\t<\/div>\n\t\t","protected":false},"excerpt":{"rendered":"<p>Serkan GED\u00dcK Kocaeli M\u00fczeler M\u00fcd\u00fcr\u00fc Kocaeli Museums Director \u0130stanbul \u00dcniversitesi, Edebiyat Fak\u00fcltesi, Ta\u015f\u0131nabilir K\u00fclt\u00fcr Varl\u0131klar\u0131n\u0131 Koruma ve Onar\u0131m B\u00f6l\u00fcm\u00fc ve \u0130stanbul \u00dcniversitesi, Edebiyat Fak\u00fcltesi, Sanat Tarihi Anabilim Dal\u0131 lisans programlar\u0131ndan mezun oldu. Y\u00fcksek lisans e\u011fitimini Mimar Sinan G\u00fczel Sanatlar \u00dcniversitesi Sosyal Bilimler Enstit\u00fcs\u00fc Seramik ve Cam Tasar\u0131m\u0131 Anasanat Dal\u0131nda tamamlad\u0131. \u0130kinci y\u00fcksek lisans\u0131n\u0131 Akdeniz \u00dcniversitesi &hellip; <\/p>\n","protected":false},"author":1,"featured_media":24,"parent":0,"menu_order":0,"comment_status":"closed","ping_status":"open","template":"","meta":{"footnotes":""},"class_list":["post-28","page","type-page","status-publish","has-post-thumbnail","hentry","latest_post"],"_links":{"self":[{"href":"https:\/\/serkangeduk.com\/index.php\/wp-json\/wp\/v2\/pages\/28","targetHints":{"allow":["GET"]}}],"collection":[{"href":"https:\/\/serkangeduk.com\/index.php\/wp-json\/wp\/v2\/pages"}],"about":[{"href":"https:\/\/serkangeduk.com\/index.php\/wp-json\/wp\/v2\/types\/page"}],"author":[{"embeddable":true,"href":"https:\/\/serkangeduk.com\/index.php\/wp-json\/wp\/v2\/users\/1"}],"replies":[{"embeddable":true,"href":"https:\/\/serkangeduk.com\/index.php\/wp-json\/wp\/v2\/comments?post=28"}],"version-history":[{"count":23,"href":"https:\/\/serkangeduk.com\/index.php\/wp-json\/wp\/v2\/pages\/28\/revisions"}],"predecessor-version":[{"id":199,"href":"https:\/\/serkangeduk.com\/index.php\/wp-json\/wp\/v2\/pages\/28\/revisions\/199"}],"wp:featuredmedia":[{"embeddable":true,"href":"https:\/\/serkangeduk.com\/index.php\/wp-json\/wp\/v2\/media\/24"}],"wp:attachment":[{"href":"https:\/\/serkangeduk.com\/index.php\/wp-json\/wp\/v2\/media?parent=28"}],"curies":[{"name":"wp","href":"https:\/\/api.w.org\/{rel}","templated":true}]}}