{"id":37,"date":"2023-12-20T10:32:12","date_gmt":"2023-12-20T10:32:12","guid":{"rendered":"http:\/\/serkangeduk.com\/?page_id=37"},"modified":"2026-03-22T19:26:52","modified_gmt":"2026-03-22T19:26:52","slug":"muzecilik","status":"publish","type":"page","link":"https:\/\/serkangeduk.com\/index.php\/muzecilik\/","title":{"rendered":"M\u00fczecilik"},"content":{"rendered":"\t\t<div data-elementor-type=\"wp-page\" data-elementor-id=\"37\" class=\"elementor elementor-37\">\n\t\t\t\t<div class=\"elementor-element elementor-element-6e85909 e-con-full e-flex e-con e-parent\" data-id=\"6e85909\" data-element_type=\"container\" data-e-type=\"container\" data-settings=\"{&quot;background_background&quot;:&quot;video&quot;,&quot;background_video_link&quot;:&quot;http:\\\/\\\/serkangeduk.com\\\/wp-content\\\/uploads\\\/2024\\\/01\\\/video-1080p.mp4&quot;,&quot;background_play_on_mobile&quot;:&quot;yes&quot;}\">\n\t\t<div class=\"elementor-background-video-container\">\n\t\t\t\t\t\t\t<video class=\"elementor-background-video-hosted\" role=\"presentation\" autoplay muted playsinline loop><\/video>\n\t\t\t\t\t<\/div>\t\t<div class=\"elementor-element elementor-element-6169b057 elementor-widget elementor-widget-spacer\" data-id=\"6169b057\" data-element_type=\"widget\" data-e-type=\"widget\" data-widget_type=\"spacer.default\">\n\t\t\t\t<div class=\"elementor-widget-container\">\n\t\t\t\t\t\t\t<div class=\"elementor-spacer\">\n\t\t\t<div class=\"elementor-spacer-inner\"><\/div>\n\t\t<\/div>\n\t\t\t\t\t\t<\/div>\n\t\t\t\t<\/div>\n\t\t\t\t<div class=\"elementor-element elementor-element-338b206d elementor-align-center elementor-hidden-desktop elementor-icon-list--layout-traditional elementor-list-item-link-full_width elementor-widget elementor-widget-icon-list\" data-id=\"338b206d\" data-element_type=\"widget\" data-e-type=\"widget\" data-widget_type=\"icon-list.default\">\n\t\t\t\t<div class=\"elementor-widget-container\">\n\t\t\t\t\t\t\t<ul class=\"elementor-icon-list-items\">\n\t\t\t\t\t\t\t<li class=\"elementor-icon-list-item\">\n\t\t\t\t\t\t\t\t\t\t\t<a href=\"http:\/\/serkangeduk.com\/\">\n\n\t\t\t\t\t\t\t\t\t\t\t<span class=\"elementor-icon-list-text\">Anasayfa<\/span>\n\t\t\t\t\t\t\t\t\t\t\t<\/a>\n\t\t\t\t\t\t\t\t\t<\/li>\n\t\t\t\t\t\t\t\t<li class=\"elementor-icon-list-item\">\n\t\t\t\t\t\t\t\t\t\t\t<a href=\"#hakkimda\">\n\n\t\t\t\t\t\t\t\t\t\t\t<span class=\"elementor-icon-list-text\">Hakk\u0131mda<\/span>\n\t\t\t\t\t\t\t\t\t\t\t<\/a>\n\t\t\t\t\t\t\t\t\t<\/li>\n\t\t\t\t\t\t\t\t<li class=\"elementor-icon-list-item\">\n\t\t\t\t\t\t\t\t\t\t\t<a href=\"http:\/\/serkangeduk.com\/index.php\/galeri\/\">\n\n\t\t\t\t\t\t\t\t\t\t\t<span class=\"elementor-icon-list-text\">Galeri<\/span>\n\t\t\t\t\t\t\t\t\t\t\t<\/a>\n\t\t\t\t\t\t\t\t\t<\/li>\n\t\t\t\t\t\t\t\t<li class=\"elementor-icon-list-item\">\n\t\t\t\t\t\t\t\t\t\t\t<a href=\"#yayinlar\">\n\n\t\t\t\t\t\t\t\t\t\t\t<span class=\"elementor-icon-list-text\">Yay\u0131nlar<\/span>\n\t\t\t\t\t\t\t\t\t\t\t<\/a>\n\t\t\t\t\t\t\t\t\t<\/li>\n\t\t\t\t\t\t\t\t<li class=\"elementor-icon-list-item\">\n\t\t\t\t\t\t\t\t\t\t\t<a href=\"#ozgecmis\">\n\n\t\t\t\t\t\t\t\t\t\t\t<span class=\"elementor-icon-list-text\">\u00d6zge\u00e7mi\u015f<\/span>\n\t\t\t\t\t\t\t\t\t\t\t<\/a>\n\t\t\t\t\t\t\t\t\t<\/li>\n\t\t\t\t\t\t\t\t<li class=\"elementor-icon-list-item\">\n\t\t\t\t\t\t\t\t\t\t\t<a href=\"http:\/\/serkangeduk.com\/index.php\/su-alti-arkeolojisi\/\">\n\n\t\t\t\t\t\t\t\t\t\t\t<span class=\"elementor-icon-list-text\">Su Alt\u0131 Arkeolojisi<\/span>\n\t\t\t\t\t\t\t\t\t\t\t<\/a>\n\t\t\t\t\t\t\t\t\t<\/li>\n\t\t\t\t\t\t\t\t<li class=\"elementor-icon-list-item\">\n\t\t\t\t\t\t\t\t\t\t\t<a href=\"http:\/\/serkangeduk.com\/index.php\/muzecilik\/\">\n\n\t\t\t\t\t\t\t\t\t\t\t<span class=\"elementor-icon-list-text\">M\u00fczecilik<\/span>\n\t\t\t\t\t\t\t\t\t\t\t<\/a>\n\t\t\t\t\t\t\t\t\t<\/li>\n\t\t\t\t\t\t\t\t<li class=\"elementor-icon-list-item\">\n\t\t\t\t\t\t\t\t\t\t\t<a href=\"http:\/\/serkangeduk.com\/index.php\/blog\/\">\n\n\t\t\t\t\t\t\t\t\t\t\t<span class=\"elementor-icon-list-text\">Blog<\/span>\n\t\t\t\t\t\t\t\t\t\t\t<\/a>\n\t\t\t\t\t\t\t\t\t<\/li>\n\t\t\t\t\t\t<\/ul>\n\t\t\t\t\t\t<\/div>\n\t\t\t\t<\/div>\n\t\t\t\t<div class=\"elementor-element elementor-element-7b6ce12f elementor-icon-list--layout-inline elementor-align-center elementor-hidden-tablet elementor-hidden-mobile elementor-list-item-link-full_width elementor-widget elementor-widget-icon-list\" data-id=\"7b6ce12f\" data-element_type=\"widget\" data-e-type=\"widget\" data-widget_type=\"icon-list.default\">\n\t\t\t\t<div class=\"elementor-widget-container\">\n\t\t\t\t\t\t\t<ul class=\"elementor-icon-list-items elementor-inline-items\">\n\t\t\t\t\t\t\t<li class=\"elementor-icon-list-item elementor-inline-item\">\n\t\t\t\t\t\t\t\t\t\t\t<a href=\"http:\/\/serkangeduk.com\/\">\n\n\t\t\t\t\t\t\t\t\t\t\t<span class=\"elementor-icon-list-text\">Anasayfa<\/span>\n\t\t\t\t\t\t\t\t\t\t\t<\/a>\n\t\t\t\t\t\t\t\t\t<\/li>\n\t\t\t\t\t\t\t\t<li class=\"elementor-icon-list-item elementor-inline-item\">\n\t\t\t\t\t\t\t\t\t\t\t<a href=\"#hakkimda\">\n\n\t\t\t\t\t\t\t\t\t\t\t<span class=\"elementor-icon-list-text\">Hakk\u0131mda<\/span>\n\t\t\t\t\t\t\t\t\t\t\t<\/a>\n\t\t\t\t\t\t\t\t\t<\/li>\n\t\t\t\t\t\t\t\t<li class=\"elementor-icon-list-item elementor-inline-item\">\n\t\t\t\t\t\t\t\t\t\t\t<a href=\"http:\/\/serkangeduk.com\/index.php\/galeri\/\">\n\n\t\t\t\t\t\t\t\t\t\t\t<span class=\"elementor-icon-list-text\">Galeri<\/span>\n\t\t\t\t\t\t\t\t\t\t\t<\/a>\n\t\t\t\t\t\t\t\t\t<\/li>\n\t\t\t\t\t\t\t\t<li class=\"elementor-icon-list-item elementor-inline-item\">\n\t\t\t\t\t\t\t\t\t\t\t<a href=\"#yayinlar\">\n\n\t\t\t\t\t\t\t\t\t\t\t<span class=\"elementor-icon-list-text\">Yay\u0131nlar<\/span>\n\t\t\t\t\t\t\t\t\t\t\t<\/a>\n\t\t\t\t\t\t\t\t\t<\/li>\n\t\t\t\t\t\t\t\t<li class=\"elementor-icon-list-item elementor-inline-item\">\n\t\t\t\t\t\t\t\t\t\t\t<a href=\"#ozgecmis\">\n\n\t\t\t\t\t\t\t\t\t\t\t<span class=\"elementor-icon-list-text\">\u00d6zge\u00e7mi\u015f<\/span>\n\t\t\t\t\t\t\t\t\t\t\t<\/a>\n\t\t\t\t\t\t\t\t\t<\/li>\n\t\t\t\t\t\t\t\t<li class=\"elementor-icon-list-item elementor-inline-item\">\n\t\t\t\t\t\t\t\t\t\t\t<a href=\"http:\/\/serkangeduk.com\/index.php\/su-alti-arkeolojisi\/\">\n\n\t\t\t\t\t\t\t\t\t\t\t<span class=\"elementor-icon-list-text\">Su Alt\u0131 Arkeolojisi<\/span>\n\t\t\t\t\t\t\t\t\t\t\t<\/a>\n\t\t\t\t\t\t\t\t\t<\/li>\n\t\t\t\t\t\t\t\t<li class=\"elementor-icon-list-item elementor-inline-item\">\n\t\t\t\t\t\t\t\t\t\t\t<a href=\"http:\/\/serkangeduk.com\/index.php\/muzecilik\/\">\n\n\t\t\t\t\t\t\t\t\t\t\t<span class=\"elementor-icon-list-text\">M\u00fczecilik<\/span>\n\t\t\t\t\t\t\t\t\t\t\t<\/a>\n\t\t\t\t\t\t\t\t\t<\/li>\n\t\t\t\t\t\t\t\t<li class=\"elementor-icon-list-item elementor-inline-item\">\n\t\t\t\t\t\t\t\t\t\t\t<a href=\"http:\/\/serkangeduk.com\/index.php\/blog\/\">\n\n\t\t\t\t\t\t\t\t\t\t\t<span class=\"elementor-icon-list-text\">Blog<\/span>\n\t\t\t\t\t\t\t\t\t\t\t<\/a>\n\t\t\t\t\t\t\t\t\t<\/li>\n\t\t\t\t\t\t<\/ul>\n\t\t\t\t\t\t<\/div>\n\t\t\t\t<\/div>\n\t\t\t\t<div class=\"elementor-element elementor-element-5c8d3a83 elementor-widget-mobile__width-inherit animated-slow elementor-invisible elementor-widget elementor-widget-heading\" data-id=\"5c8d3a83\" data-element_type=\"widget\" data-e-type=\"widget\" data-settings=\"{&quot;_animation&quot;:&quot;fadeIn&quot;}\" data-widget_type=\"heading.default\">\n\t\t\t\t<div class=\"elementor-widget-container\">\n\t\t\t\t\t<h2 class=\"elementor-heading-title elementor-size-default\"><a href=\"http:\/\/serkangeduk.com\/\">Serkan Ged\u00fck - M\u00fczecilik<\/a><\/h2>\t\t\t\t<\/div>\n\t\t\t\t<\/div>\n\t\t\t\t<\/div>\n\t\t<div class=\"elementor-element elementor-element-3bd651f3 e-con-full e-flex e-con e-parent\" data-id=\"3bd651f3\" data-element_type=\"container\" data-e-type=\"container\" data-settings=\"{&quot;background_background&quot;:&quot;classic&quot;,&quot;shape_divider_top&quot;:&quot;opacity-tilt&quot;}\">\n\t\t\t\t<div class=\"elementor-shape elementor-shape-top\" aria-hidden=\"true\" data-negative=\"false\">\n\t\t\t<svg xmlns=\"http:\/\/www.w3.org\/2000\/svg\" viewBox=\"0 0 2600 131.1\" preserveAspectRatio=\"none\">\n\t<path class=\"elementor-shape-fill\" d=\"M0 0L2600 0 2600 69.1 0 0z\"\/>\n\t<path class=\"elementor-shape-fill\" style=\"opacity:0.5\" d=\"M0 0L2600 0 2600 69.1 0 69.1z\"\/>\n\t<path class=\"elementor-shape-fill\" style=\"opacity:0.25\" d=\"M2600 0L0 0 0 130.1 2600 69.1z\"\/>\n<\/svg>\t\t<\/div>\n\t\t\t\t<div class=\"elementor-element elementor-element-49f2f0c6 elementor-widget elementor-widget-menu-anchor\" data-id=\"49f2f0c6\" data-element_type=\"widget\" data-e-type=\"widget\" data-widget_type=\"menu-anchor.default\">\n\t\t\t\t<div class=\"elementor-widget-container\">\n\t\t\t\t\t\t\t<div class=\"elementor-menu-anchor\" id=\"yayinlar\"><\/div>\n\t\t\t\t\t\t<\/div>\n\t\t\t\t<\/div>\n\t\t\t\t<div class=\"elementor-element elementor-element-1aa7ec0e elementor-widget elementor-widget-heading\" data-id=\"1aa7ec0e\" data-element_type=\"widget\" data-e-type=\"widget\" data-widget_type=\"heading.default\">\n\t\t\t\t<div class=\"elementor-widget-container\">\n\t\t\t\t\t<h3 class=\"elementor-heading-title elementor-size-default\">M\u00fczecilik<\/h3>\t\t\t\t<\/div>\n\t\t\t\t<\/div>\n\t\t<div class=\"elementor-element elementor-element-7be36854 e-con-full e-flex e-con e-child\" data-id=\"7be36854\" data-element_type=\"container\" data-e-type=\"container\" data-settings=\"{&quot;background_background&quot;:&quot;classic&quot;}\">\n\t\t\t\t<div class=\"elementor-element elementor-element-aa05934 elementor-widget elementor-widget-text-editor\" data-id=\"aa05934\" data-element_type=\"widget\" data-e-type=\"widget\" data-widget_type=\"text-editor.default\">\n\t\t\t\t<div class=\"elementor-widget-container\">\n\t\t\t\t\t\t\t\t\t<p>M\u00fczecili\u011fin geli\u015fimi, insanl\u0131k tarihi boyunca bilgi, sanat ve k\u00fclt\u00fcr\u00fcn korunmas\u0131 ve sergilenmesi amac\u0131yla \u00f6nemli bir rol oynam\u0131\u015ft\u0131r. \u0130lk m\u00fcze \u00f6rnekleri, antik Yunan ve Roma d\u00f6nemlerinde tap\u0131naklarda ve kamu binalar\u0131nda saklanan sanat eserleri ve tarihi objelerle ba\u015flam\u0131\u015ft\u0131r. Orta\u00e7a\u011f boyunca, kiliseler ve manast\u0131rlar de\u011ferli eserleri koruma g\u00f6revini \u00fcstlenmi\u015flerdir.<\/p><p>Modern m\u00fczecili\u011fin temelleri, R\u00f6nesans d\u00f6neminde at\u0131lm\u0131\u015ft\u0131r. Bu d\u00f6nemde, zengin aileler ve h\u00fck\u00fcmdarlar sanat koleksiyonlar\u0131 olu\u015fturmu\u015f ve bunlar\u0131 halka a\u00e7maya ba\u015flam\u0131\u015flard\u0131r. 18. y\u00fczy\u0131lda, Ayd\u0131nlanma \u00c7a\u011f\u0131&#8217;n\u0131n etkisiyle bilimsel ve e\u011fitim ama\u00e7l\u0131 m\u00fczeler ortaya \u00e7\u0131km\u0131\u015ft\u0131r. British Museum (1753) ve Louvre M\u00fczesi (1793) gibi b\u00fcy\u00fck m\u00fczeler bu d\u00f6nemde kurulmu\u015ftur.\u00a0<\/p><p>19. ve 20. y\u00fczy\u0131lda m\u00fczecilik profesyonel bir alan haline gelmi\u015f, m\u00fcze kuramlar\u0131 ve teknikleri geli\u015fmi\u015ftir. Bu d\u00f6nemde m\u00fczeler, k\u00fclt\u00fcrel miras\u0131n korunmas\u0131, e\u011fitimin desteklenmesi ve toplumsal haf\u0131zan\u0131n s\u00fcrd\u00fcr\u00fclmesi gibi \u00f6nemli i\u015flevler \u00fcstlenmi\u015ftir. G\u00fcn\u00fcm\u00fczde m\u00fczeler, dijital teknolojilerin de yard\u0131m\u0131yla daha eri\u015filebilir ve etkile\u015fimli hale gelerek, geni\u015f kitlelere hitap etmeye devam etmektedir.<\/p><p>T\u00fcrkiye&#8217;de m\u00fczecili\u011fin geli\u015fimi, Osmanl\u0131 \u0130mparatorlu\u011fu&#8217;nun son d\u00f6nemlerinde ba\u015flam\u0131\u015f ve Cumhuriyet d\u00f6neminde h\u0131z kazanm\u0131\u015ft\u0131r. Osmanl\u0131 d\u00f6neminde ilk m\u00fcze, 1846 y\u0131l\u0131nda Sultan Abd\u00fclmecid&#8217;in emriyle Aya \u0130rini Kilisesi&#8217;nde kurulan &#8220;M\u00fcze-i H\u00fcmayun&#8221; (\u0130mparatorluk M\u00fczesi) olmu\u015ftur. Bu m\u00fcze, \u0130stanbul Arkeoloji M\u00fczesi&#8217;nin temellerini olu\u015fturmu\u015ftur.<\/p><p>Osman Hamdi Bey&#8217;in 1881&#8217;de M\u00fcze-i H\u00fcmayun&#8217;un m\u00fcd\u00fcr\u00fc olarak atanmas\u0131, T\u00fcrk m\u00fczecili\u011fi a\u00e7\u0131s\u0131ndan \u00f6nemli bir d\u00f6n\u00fcm noktas\u0131d\u0131r. Osman Hamdi Bey, modern m\u00fczecilik anlay\u0131\u015f\u0131n\u0131 T\u00fcrkiye&#8217;ye getirmi\u015f, yurt i\u00e7i ve yurt d\u0131\u015f\u0131 kaz\u0131lar d\u00fczenleyerek m\u00fcze koleksiyonlar\u0131n\u0131 zenginle\u015ftirmi\u015ftir. Ayr\u0131ca, 1883 y\u0131l\u0131nda Sanayi-i Nefise Mektebi&#8217;ni (bug\u00fcnk\u00fc Mimar Sinan G\u00fczel Sanatlar \u00dcniversitesi) kurarak sanat e\u011fitiminin temellerini atm\u0131\u015ft\u0131r.<\/p><p>Cumhuriyetin ilan\u0131ndan sonra, m\u00fczecilik alan\u0131nda \u00f6nemli ad\u0131mlar at\u0131lm\u0131\u015ft\u0131r. 1924 y\u0131l\u0131nda Topkap\u0131 Saray\u0131 m\u00fcze olarak halka a\u00e7\u0131lm\u0131\u015ft\u0131r. 1934&#8217;te Ankara Etnografya M\u00fczesi hizmete girmi\u015f, 1940&#8217;larda ise Anadolu Medeniyetleri M\u00fczesi ve di\u011fer bir\u00e7ok b\u00f6lgesel m\u00fcze kurulmu\u015ftur. Bu d\u00f6nemde, m\u00fczelerin bilimsel ara\u015ft\u0131rma ve e\u011fitim faaliyetlerine katk\u0131 sa\u011flayacak \u015fekilde yap\u0131land\u0131r\u0131lmas\u0131 \u00f6nem kazanm\u0131\u015ft\u0131r.<\/p><p>G\u00fcn\u00fcm\u00fczde T\u00fcrkiye, zengin tarihi ve k\u00fclt\u00fcrel miras\u0131yla bir\u00e7ok \u00f6nemli m\u00fczeye ev sahipli\u011fi yapmaktad\u0131r. \u0130stanbul Arkeoloji M\u00fczesi, Topkap\u0131 Saray\u0131 M\u00fczesi, Ayasofya M\u00fczesi, Anadolu Medeniyetleri M\u00fczesi ve Antalya M\u00fczesi gibi b\u00fcy\u00fck m\u00fczeler, hem yerli hem de yabanc\u0131 ziyaret\u00e7ilerin ilgisini \u00e7ekmektedir. Ayr\u0131ca, son y\u0131llarda a\u00e7\u0131lan modern sanat m\u00fczeleri ve \u00f6zel m\u00fczeler de T\u00fcrk m\u00fczecili\u011finin \u00e7e\u015fitlenmesine ve geli\u015fmesine katk\u0131 sa\u011flamaktad\u0131r.<\/p>\t\t\t\t\t\t\t\t<\/div>\n\t\t\t\t<\/div>\n\t\t\t\t<div class=\"elementor-element elementor-element-6c4fa08 elementor-widget elementor-widget-image\" data-id=\"6c4fa08\" data-element_type=\"widget\" data-e-type=\"widget\" data-widget_type=\"image.default\">\n\t\t\t\t<div class=\"elementor-widget-container\">\n\t\t\t\t\t\t\t\t\t\t\t\t\t\t\t<img fetchpriority=\"high\" decoding=\"async\" width=\"1280\" height=\"2048\" src=\"https:\/\/serkangeduk.com\/wp-content\/uploads\/2024\/07\/Basliksiz-1-1280x2048.jpg\" class=\"attachment-2048x2048 size-2048x2048 wp-image-723\" alt=\"\" srcset=\"https:\/\/serkangeduk.com\/wp-content\/uploads\/2024\/07\/Basliksiz-1-1280x2048.jpg 1280w, https:\/\/serkangeduk.com\/wp-content\/uploads\/2024\/07\/Basliksiz-1-188x300.jpg 188w, https:\/\/serkangeduk.com\/wp-content\/uploads\/2024\/07\/Basliksiz-1-640x1024.jpg 640w, https:\/\/serkangeduk.com\/wp-content\/uploads\/2024\/07\/Basliksiz-1-768x1229.jpg 768w, https:\/\/serkangeduk.com\/wp-content\/uploads\/2024\/07\/Basliksiz-1-960x1536.jpg 960w, https:\/\/serkangeduk.com\/wp-content\/uploads\/2024\/07\/Basliksiz-1-38x60.jpg 38w, https:\/\/serkangeduk.com\/wp-content\/uploads\/2024\/07\/Basliksiz-1-scaled.jpg 1600w\" sizes=\"(max-width: 1280px) 100vw, 1280px\" \/>\t\t\t\t\t\t\t\t\t\t\t\t\t\t\t<\/div>\n\t\t\t\t<\/div>\n\t\t\t\t<\/div>\n\t\t\t\t<\/div>\n\t\t<div class=\"elementor-element elementor-element-7a7de431 e-flex e-con-boxed e-con e-parent\" data-id=\"7a7de431\" data-element_type=\"container\" data-e-type=\"container\">\n\t\t\t\t\t<div class=\"e-con-inner\">\n\t\t\t\t<div class=\"elementor-element elementor-element-52eab611 elementor-widget elementor-widget-image\" data-id=\"52eab611\" data-element_type=\"widget\" data-e-type=\"widget\" data-widget_type=\"image.default\">\n\t\t\t\t<div class=\"elementor-widget-container\">\n\t\t\t\t\t\t\t\t\t\t\t\t\t\t\t\t<a href=\"https:\/\/kumad.org\/\">\n\t\t\t\t\t\t\t<img decoding=\"async\" width=\"300\" height=\"278\" src=\"https:\/\/serkangeduk.com\/wp-content\/uploads\/2023\/12\/kumad-blue-300x278.png\" class=\"elementor-animation-hang attachment-medium size-medium wp-image-59\" alt=\"\" srcset=\"https:\/\/serkangeduk.com\/wp-content\/uploads\/2023\/12\/kumad-blue-300x278.png 300w, https:\/\/serkangeduk.com\/wp-content\/uploads\/2023\/12\/kumad-blue-65x60.png 65w, https:\/\/serkangeduk.com\/wp-content\/uploads\/2023\/12\/kumad-blue.png 355w\" sizes=\"(max-width: 300px) 100vw, 300px\" \/>\t\t\t\t\t\t\t\t<\/a>\n\t\t\t\t\t\t\t\t\t\t\t\t\t\t\t<\/div>\n\t\t\t\t<\/div>\n\t\t\t\t<div class=\"elementor-element elementor-element-1d3d52c8 elementor-widget elementor-widget-heading\" data-id=\"1d3d52c8\" data-element_type=\"widget\" data-e-type=\"widget\" data-widget_type=\"heading.default\">\n\t\t\t\t<div class=\"elementor-widget-container\">\n\t\t\t\t\t<h3 class=\"elementor-heading-title elementor-size-default\">K\u00fclt\u00fcrel Miras\u0131 Koruma ve Ara\u015ft\u0131rma Derne\u011fi<\/h3>\t\t\t\t<\/div>\n\t\t\t\t<\/div>\n\t\t\t\t<div class=\"elementor-element elementor-element-5b00714e elementor-widget elementor-widget-text-editor\" data-id=\"5b00714e\" data-element_type=\"widget\" data-e-type=\"widget\" data-widget_type=\"text-editor.default\">\n\t\t\t\t<div class=\"elementor-widget-container\">\n\t\t\t\t\t\t\t\t\t<p>K\u00dcMAD, K\u00fclt\u00fcrel miras\u0131m\u0131z\u0131n korunmas\u0131na ve bilimsel y\u00f6ntemlerle ara\u015ft\u0131r\u0131lmas\u0131na hizmet eden t\u00fcm etkinliklerin yerine getirilmesi ile birlikte Konservat\u00f6r &#8211; Restorat\u00f6r ve Arkeologlar\u0131n mesleki alandaki iyile\u015ftirmelerine odaklanamaktad\u0131r.<\/p>\t\t\t\t\t\t\t\t<\/div>\n\t\t\t\t<\/div>\n\t\t\t\t<div class=\"elementor-element elementor-element-2ca17612 elementor-mobile-align-center elementor-align-center elementor-widget elementor-widget-button\" data-id=\"2ca17612\" data-element_type=\"widget\" data-e-type=\"widget\" data-settings=\"{&quot;_animation_mobile&quot;:&quot;fadeIn&quot;}\" data-widget_type=\"button.default\">\n\t\t\t\t<div class=\"elementor-widget-container\">\n\t\t\t\t\t\t\t\t\t<div class=\"elementor-button-wrapper\">\n\t\t\t\t\t<a class=\"elementor-button elementor-button-link elementor-size-sm\" href=\"https:\/\/kumad.org\/\">\n\t\t\t\t\t\t<span class=\"elementor-button-content-wrapper\">\n\t\t\t\t\t\t\t\t\t<span class=\"elementor-button-text\">\u0130leti\u015fim<\/span>\n\t\t\t\t\t<\/span>\n\t\t\t\t\t<\/a>\n\t\t\t\t<\/div>\n\t\t\t\t\t\t\t\t<\/div>\n\t\t\t\t<\/div>\n\t\t\t\t\t<\/div>\n\t\t\t\t<\/div>\n\t\t<footer class=\"elementor-element elementor-element-649c1da2 e-con-full e-flex e-con e-parent\" data-id=\"649c1da2\" data-element_type=\"container\" data-e-type=\"container\">\n\t\t<div class=\"elementor-element elementor-element-79e33868 e-con-full e-flex e-con e-child\" data-id=\"79e33868\" data-element_type=\"container\" data-e-type=\"container\">\n\t\t\t\t<div class=\"elementor-element elementor-element-1ae15203 elementor-icon-list--layout-inline elementor-tablet-align-center elementor-align-center elementor-list-item-link-full_width elementor-widget elementor-widget-icon-list\" data-id=\"1ae15203\" data-element_type=\"widget\" data-e-type=\"widget\" data-widget_type=\"icon-list.default\">\n\t\t\t\t<div class=\"elementor-widget-container\">\n\t\t\t\t\t\t\t<ul class=\"elementor-icon-list-items elementor-inline-items\">\n\t\t\t\t\t\t\t<li class=\"elementor-icon-list-item elementor-inline-item\">\n\t\t\t\t\t\t\t\t\t\t<span class=\"elementor-icon-list-text\">serkan.geduk@ktb.gov.tr<\/span>\n\t\t\t\t\t\t\t\t\t<\/li>\n\t\t\t\t\t\t\t\t<li class=\"elementor-icon-list-item elementor-inline-item\">\n\t\t\t\t\t\t\t\t\t\t<span class=\"elementor-icon-list-text\">Kocaeli M\u00fczeler M\u00fcd\u00fcrl\u00fc\u011f\u00fc<\/span>\n\t\t\t\t\t\t\t\t\t<\/li>\n\t\t\t\t\t\t\t\t<li class=\"elementor-icon-list-item elementor-inline-item\">\n\t\t\t\t\t\t\t\t\t\t<span class=\"elementor-icon-list-text\">Kozluk, \u0130stasyon Cd. No:5, 41200 \u0130zmit\/Kocaeli<\/span>\n\t\t\t\t\t\t\t\t\t<\/li>\n\t\t\t\t\t\t<\/ul>\n\t\t\t\t\t\t<\/div>\n\t\t\t\t<\/div>\n\t\t\t\t<\/div>\n\t\t<div class=\"elementor-element elementor-element-451f4029 e-con-full e-flex e-con e-child\" data-id=\"451f4029\" data-element_type=\"container\" data-e-type=\"container\">\n\t\t\t\t<div class=\"elementor-element elementor-element-6b5c4bb8 e-grid-align-right e-grid-align-tablet-right e-grid-align-mobile-center elementor-widget-mobile__width-inherit elementor-shape-rounded elementor-grid-0 elementor-widget elementor-widget-social-icons\" data-id=\"6b5c4bb8\" data-element_type=\"widget\" data-e-type=\"widget\" data-widget_type=\"social-icons.default\">\n\t\t\t\t<div class=\"elementor-widget-container\">\n\t\t\t\t\t\t\t<div class=\"elementor-social-icons-wrapper elementor-grid\" role=\"list\">\n\t\t\t\t\t\t\t<span class=\"elementor-grid-item\" role=\"listitem\">\n\t\t\t\t\t<a class=\"elementor-icon elementor-social-icon elementor-social-icon-instagram elementor-repeater-item-7b63400\" href=\"https:\/\/www.instagram.com\/serkangeduk\/\" target=\"_blank\">\n\t\t\t\t\t\t<span class=\"elementor-screen-only\">Instagram<\/span>\n\t\t\t\t\t\t<svg aria-hidden=\"true\" class=\"e-font-icon-svg e-fab-instagram\" viewBox=\"0 0 448 512\" xmlns=\"http:\/\/www.w3.org\/2000\/svg\"><path d=\"M224.1 141c-63.6 0-114.9 51.3-114.9 114.9s51.3 114.9 114.9 114.9S339 319.5 339 255.9 287.7 141 224.1 141zm0 189.6c-41.1 0-74.7-33.5-74.7-74.7s33.5-74.7 74.7-74.7 74.7 33.5 74.7 74.7-33.6 74.7-74.7 74.7zm146.4-194.3c0 14.9-12 26.8-26.8 26.8-14.9 0-26.8-12-26.8-26.8s12-26.8 26.8-26.8 26.8 12 26.8 26.8zm76.1 27.2c-1.7-35.9-9.9-67.7-36.2-93.9-26.2-26.2-58-34.4-93.9-36.2-37-2.1-147.9-2.1-184.9 0-35.8 1.7-67.6 9.9-93.9 36.1s-34.4 58-36.2 93.9c-2.1 37-2.1 147.9 0 184.9 1.7 35.9 9.9 67.7 36.2 93.9s58 34.4 93.9 36.2c37 2.1 147.9 2.1 184.9 0 35.9-1.7 67.7-9.9 93.9-36.2 26.2-26.2 34.4-58 36.2-93.9 2.1-37 2.1-147.8 0-184.8zM398.8 388c-7.8 19.6-22.9 34.7-42.6 42.6-29.5 11.7-99.5 9-132.1 9s-102.7 2.6-132.1-9c-19.6-7.8-34.7-22.9-42.6-42.6-11.7-29.5-9-99.5-9-132.1s-2.6-102.7 9-132.1c7.8-19.6 22.9-34.7 42.6-42.6 29.5-11.7 99.5-9 132.1-9s102.7-2.6 132.1 9c19.6 7.8 34.7 22.9 42.6 42.6 11.7 29.5 9 99.5 9 132.1s2.7 102.7-9 132.1z\"><\/path><\/svg>\t\t\t\t\t<\/a>\n\t\t\t\t<\/span>\n\t\t\t\t\t\t\t<span class=\"elementor-grid-item\" role=\"listitem\">\n\t\t\t\t\t<a class=\"elementor-icon elementor-social-icon elementor-social-icon-stack-overflow elementor-repeater-item-3f1b7ac\" href=\"https:\/\/www.threads.net\/@serkangeduk\" target=\"_blank\">\n\t\t\t\t\t\t<span class=\"elementor-screen-only\">Stack-overflow<\/span>\n\t\t\t\t\t\t<svg aria-hidden=\"true\" class=\"e-font-icon-svg e-fab-stack-overflow\" viewBox=\"0 0 384 512\" xmlns=\"http:\/\/www.w3.org\/2000\/svg\"><path d=\"M290.7 311L95 269.7 86.8 309l195.7 41zm51-87L188.2 95.7l-25.5 30.8 153.5 128.3zm-31.2 39.7L129.2 179l-16.7 36.5L293.7 300zM262 32l-32 24 119.3 160.3 32-24zm20.5 328h-200v39.7h200zm39.7 80H42.7V320h-40v160h359.5V320h-40z\"><\/path><\/svg>\t\t\t\t\t<\/a>\n\t\t\t\t<\/span>\n\t\t\t\t\t\t\t<span class=\"elementor-grid-item\" role=\"listitem\">\n\t\t\t\t\t<a class=\"elementor-icon elementor-social-icon elementor-social-icon-xing elementor-repeater-item-182148d\" href=\"https:\/\/twitter.com\/SerkanGeduk\" target=\"_blank\">\n\t\t\t\t\t\t<span class=\"elementor-screen-only\">Xing<\/span>\n\t\t\t\t\t\t<svg aria-hidden=\"true\" class=\"e-font-icon-svg e-fab-xing\" viewBox=\"0 0 384 512\" xmlns=\"http:\/\/www.w3.org\/2000\/svg\"><path d=\"M162.7 210c-1.8 3.3-25.2 44.4-70.1 123.5-4.9 8.3-10.8 12.5-17.7 12.5H9.8c-7.7 0-12.1-7.5-8.5-14.4l69-121.3c.2 0 .2-.1 0-.3l-43.9-75.6c-4.3-7.8.3-14.1 8.5-14.1H100c7.3 0 13.3 4.1 18 12.2l44.7 77.5zM382.6 46.1l-144 253v.3L330.2 466c3.9 7.1.2 14.1-8.5 14.1h-65.2c-7.6 0-13.6-4-18-12.2l-92.4-168.5c3.3-5.8 51.5-90.8 144.8-255.2 4.6-8.1 10.4-12.2 17.5-12.2h65.7c8 0 12.3 6.7 8.5 14.1z\"><\/path><\/svg>\t\t\t\t\t<\/a>\n\t\t\t\t<\/span>\n\t\t\t\t\t<\/div>\n\t\t\t\t\t\t<\/div>\n\t\t\t\t<\/div>\n\t\t\t\t<\/div>\n\t\t\t\t<\/footer>\n\t\t<div class=\"elementor-element elementor-element-52b14e4 e-con-full e-flex e-con e-parent\" data-id=\"52b14e4\" data-element_type=\"container\" data-e-type=\"container\" data-settings=\"{&quot;background_background&quot;:&quot;classic&quot;}\">\n\t\t\t\t<div class=\"elementor-element elementor-element-2de22ef5 elementor-widget elementor-widget-heading\" data-id=\"2de22ef5\" data-element_type=\"widget\" data-e-type=\"widget\" data-settings=\"{&quot;_animation_mobile&quot;:&quot;fadeInUp&quot;}\" data-widget_type=\"heading.default\">\n\t\t\t\t<div class=\"elementor-widget-container\">\n\t\t\t\t\t<p class=\"elementor-heading-title elementor-size-default\"><a href=\"https:\/\/thecomaks.com\/\">2024 \u00a9 serkangeduk.com All Rights Reserved. Design by thecomaks.com<\/a><\/p>\t\t\t\t<\/div>\n\t\t\t\t<\/div>\n\t\t\t\t<\/div>\n\t\t\t\t<\/div>\n\t\t","protected":false},"excerpt":{"rendered":"<p>Anasayfa Hakk\u0131mda Galeri Yay\u0131nlar \u00d6zge\u00e7mi\u015f Su Alt\u0131 Arkeolojisi M\u00fczecilik Blog Anasayfa Hakk\u0131mda Galeri Yay\u0131nlar \u00d6zge\u00e7mi\u015f Su Alt\u0131 Arkeolojisi M\u00fczecilik Blog Serkan Ged\u00fck &#8211; M\u00fczecilik M\u00fczecilik M\u00fczecili\u011fin geli\u015fimi, insanl\u0131k tarihi boyunca bilgi, sanat ve k\u00fclt\u00fcr\u00fcn korunmas\u0131 ve sergilenmesi amac\u0131yla \u00f6nemli bir rol oynam\u0131\u015ft\u0131r. \u0130lk m\u00fcze \u00f6rnekleri, antik Yunan ve Roma d\u00f6nemlerinde tap\u0131naklarda ve kamu binalar\u0131nda saklanan &hellip; <\/p>\n","protected":false},"author":1,"featured_media":0,"parent":0,"menu_order":0,"comment_status":"closed","ping_status":"open","template":"elementor_canvas","meta":{"footnotes":""},"class_list":["post-37","page","type-page","status-publish","hentry","latest_post"],"_links":{"self":[{"href":"https:\/\/serkangeduk.com\/index.php\/wp-json\/wp\/v2\/pages\/37","targetHints":{"allow":["GET"]}}],"collection":[{"href":"https:\/\/serkangeduk.com\/index.php\/wp-json\/wp\/v2\/pages"}],"about":[{"href":"https:\/\/serkangeduk.com\/index.php\/wp-json\/wp\/v2\/types\/page"}],"author":[{"embeddable":true,"href":"https:\/\/serkangeduk.com\/index.php\/wp-json\/wp\/v2\/users\/1"}],"replies":[{"embeddable":true,"href":"https:\/\/serkangeduk.com\/index.php\/wp-json\/wp\/v2\/comments?post=37"}],"version-history":[{"count":29,"href":"https:\/\/serkangeduk.com\/index.php\/wp-json\/wp\/v2\/pages\/37\/revisions"}],"predecessor-version":[{"id":8161,"href":"https:\/\/serkangeduk.com\/index.php\/wp-json\/wp\/v2\/pages\/37\/revisions\/8161"}],"wp:attachment":[{"href":"https:\/\/serkangeduk.com\/index.php\/wp-json\/wp\/v2\/media?parent=37"}],"curies":[{"name":"wp","href":"https:\/\/api.w.org\/{rel}","templated":true}]}}